{"id":471,"date":"2025-11-19T15:13:43","date_gmt":"2025-11-19T15:13:43","guid":{"rendered":"https:\/\/hessen-paul.de\/?page_id=471"},"modified":"2026-03-31T14:56:32","modified_gmt":"2026-03-31T14:56:32","slug":"herzlich-willkommen","status":"publish","type":"page","link":"https:\/\/hessen-paul.de\/","title":{"rendered":"Herzlich Willkommen !"},"content":{"rendered":"\t\t<div data-elementor-type=\"wp-page\" data-elementor-id=\"471\" class=\"elementor elementor-471\">\n\t\t\t\t\t\t<div class=\"elementor-inner\">\n\t\t\t\t<div class=\"elementor-section-wrap\">\n\t\t\t\t\t\t\t\t\t<section class=\"elementor-section elementor-top-section elementor-element elementor-element-236fef8 elementor-section-boxed elementor-section-height-default elementor-section-height-default\" data-id=\"236fef8\" data-element_type=\"section\">\n\t\t\t\t\t\t<div class=\"elementor-container elementor-column-gap-default\">\n\t\t\t\t\t\t\t<div class=\"elementor-row\">\n\t\t\t\t\t<div class=\"elementor-column elementor-col-100 elementor-top-column elementor-element elementor-element-2ca9edf\" data-id=\"2ca9edf\" data-element_type=\"column\">\n\t\t\t<div class=\"elementor-column-wrap elementor-element-populated\">\n\t\t\t\t\t\t\t<div class=\"elementor-widget-wrap\">\n\t\t\t\t\t\t<div class=\"elementor-element elementor-element-b765d44 elementor-widget elementor-widget-image\" data-id=\"b765d44\" data-element_type=\"widget\" data-widget_type=\"image.default\">\n\t\t\t\t<div class=\"elementor-widget-container\">\n\t\t\t\t\t\t\t\t<div class=\"elementor-image\">\n\t\t\t\t\t\t\t\t\t\t\t\t<img decoding=\"async\" width=\"300\" height=\"51\" src=\"https:\/\/hessen-paul.de\/wp-content\/uploads\/2020\/06\/hp_logo-300x51.png\" class=\"attachment-medium size-medium\" alt=\"\" loading=\"lazy\" srcset=\"https:\/\/hessen-paul.de\/wp-content\/uploads\/2020\/06\/hp_logo-300x51.png 300w, https:\/\/hessen-paul.de\/wp-content\/uploads\/2020\/06\/hp_logo-768x131.png 768w, https:\/\/hessen-paul.de\/wp-content\/uploads\/2020\/06\/hp_logo-1024x175.png 1024w\" sizes=\"(max-width: 300px) 100vw, 300px\" \/>\t\t\t\t\t\t\t\t\t\t\t\t\t\t<\/div>\n\t\t\t\t\t\t<\/div>\n\t\t\t\t<\/div>\n\t\t\t\t\t\t<\/div>\n\t\t\t\t\t<\/div>\n\t\t<\/div>\n\t\t\t\t\t\t\t\t<\/div>\n\t\t\t\t\t<\/div>\n\t\t<\/section>\n\t\t\t\t<section class=\"elementor-section elementor-top-section elementor-element elementor-element-14bfe74 elementor-section-boxed elementor-section-height-default elementor-section-height-default\" data-id=\"14bfe74\" data-element_type=\"section\">\n\t\t\t\t\t\t<div class=\"elementor-container elementor-column-gap-default\">\n\t\t\t\t\t\t\t<div class=\"elementor-row\">\n\t\t\t\t\t<div class=\"elementor-column elementor-col-100 elementor-top-column elementor-element elementor-element-b4dd0ea\" data-id=\"b4dd0ea\" data-element_type=\"column\">\n\t\t\t<div class=\"elementor-column-wrap elementor-element-populated\">\n\t\t\t\t\t\t\t<div class=\"elementor-widget-wrap\">\n\t\t\t\t\t\t<div class=\"elementor-element elementor-element-d24913e elementor-widget elementor-widget-heading\" data-id=\"d24913e\" data-element_type=\"widget\" data-widget_type=\"heading.default\">\n\t\t\t\t<div class=\"elementor-widget-container\">\n\t\t\t<h6 class=\"elementor-heading-title elementor-size-default\"><span style=\"font-family: Roboto, sans-serif; font-size: 16px; letter-spacing: normal; white-space: normal;\">Wunderbar wandelbare Echtschmuck Geschenkideen f\u00fcr die Liebsten<\/span><br><\/h6>\t\t<\/div>\n\t\t\t\t<\/div>\n\t\t\t\t\t\t<\/div>\n\t\t\t\t\t<\/div>\n\t\t<\/div>\n\t\t\t\t\t\t\t\t<\/div>\n\t\t\t\t\t<\/div>\n\t\t<\/section>\n\t\t\t\t<section class=\"elementor-section elementor-top-section elementor-element elementor-element-25ff05f elementor-section-boxed elementor-section-height-default elementor-section-height-default\" data-id=\"25ff05f\" data-element_type=\"section\">\n\t\t\t\t\t\t<div class=\"elementor-container elementor-column-gap-default\">\n\t\t\t\t\t\t\t<div class=\"elementor-row\">\n\t\t\t\t\t<div class=\"elementor-column elementor-col-100 elementor-top-column elementor-element elementor-element-ee567f5\" data-id=\"ee567f5\" data-element_type=\"column\">\n\t\t\t<div class=\"elementor-column-wrap\">\n\t\t\t\t\t\t\t<div class=\"elementor-widget-wrap\">\n\t\t\t\t\t\t\t\t<\/div>\n\t\t\t\t\t<\/div>\n\t\t<\/div>\n\t\t\t\t\t\t\t\t<\/div>\n\t\t\t\t\t<\/div>\n\t\t<\/section>\n\t\t\t\t<section class=\"elementor-section elementor-top-section elementor-element elementor-element-d8e93f4 elementor-section-boxed elementor-section-height-default elementor-section-height-default\" data-id=\"d8e93f4\" data-element_type=\"section\">\n\t\t\t\t\t\t<div class=\"elementor-container elementor-column-gap-default\">\n\t\t\t\t\t\t\t<div class=\"elementor-row\">\n\t\t\t\t\t<div class=\"elementor-column elementor-col-33 elementor-top-column elementor-element elementor-element-06b0f5c\" data-id=\"06b0f5c\" data-element_type=\"column\">\n\t\t\t<div class=\"elementor-column-wrap elementor-element-populated\">\n\t\t\t\t\t\t\t<div class=\"elementor-widget-wrap\">\n\t\t\t\t\t\t<div class=\"elementor-element elementor-element-05da227 elementor-aspect-ratio-916 elementor-widget elementor-widget-video\" data-id=\"05da227\" data-element_type=\"widget\" data-settings=\"{&quot;video_type&quot;:&quot;hosted&quot;,&quot;aspect_ratio&quot;:&quot;916&quot;,&quot;controls&quot;:&quot;yes&quot;}\" data-widget_type=\"video.default\">\n\t\t\t\t<div class=\"elementor-widget-container\">\n\t\t\t\t\t<div class=\"e-hosted-video elementor-wrapper elementor-fit-aspect-ratio elementor-open-inline\">\n\t\t\t\t\t<video class=\"elementor-video\" src=\"http:\/\/hessen-paul.de\/wp-content\/uploads\/2025\/12\/036A1003-3A14-4894-8556-48FE951DB26B-5.mov\" controls=\"\" controlsList=\"nodownload\"><\/video>\n\t\t\t\t<\/div>\n\t\t\t\t<\/div>\n\t\t\t\t<\/div>\n\t\t\t\t\t\t<\/div>\n\t\t\t\t\t<\/div>\n\t\t<\/div>\n\t\t\t\t<div class=\"elementor-column elementor-col-33 elementor-top-column elementor-element elementor-element-8e27e97\" data-id=\"8e27e97\" data-element_type=\"column\">\n\t\t\t<div class=\"elementor-column-wrap elementor-element-populated\">\n\t\t\t\t\t\t\t<div class=\"elementor-widget-wrap\">\n\t\t\t\t\t\t<div class=\"elementor-element elementor-element-a26550a elementor-aspect-ratio-916 elementor-widget elementor-widget-video\" data-id=\"a26550a\" data-element_type=\"widget\" data-settings=\"{&quot;video_type&quot;:&quot;hosted&quot;,&quot;aspect_ratio&quot;:&quot;916&quot;,&quot;controls&quot;:&quot;yes&quot;}\" data-widget_type=\"video.default\">\n\t\t\t\t<div class=\"elementor-widget-container\">\n\t\t\t\t\t<div class=\"e-hosted-video elementor-wrapper elementor-fit-aspect-ratio elementor-open-inline\">\n\t\t\t\t\t<video class=\"elementor-video\" src=\"http:\/\/hessen-paul.de\/wp-content\/uploads\/2025\/12\/036A1003-3A14-4894-8556-48FE951DB26B-5-1.mov\" controls=\"\" controlsList=\"nodownload\"><\/video>\n\t\t\t\t<\/div>\n\t\t\t\t<\/div>\n\t\t\t\t<\/div>\n\t\t\t\t\t\t<\/div>\n\t\t\t\t\t<\/div>\n\t\t<\/div>\n\t\t\t\t<div class=\"elementor-column elementor-col-33 elementor-top-column elementor-element elementor-element-3def9f2\" data-id=\"3def9f2\" data-element_type=\"column\">\n\t\t\t<div class=\"elementor-column-wrap elementor-element-populated\">\n\t\t\t\t\t\t\t<div class=\"elementor-widget-wrap\">\n\t\t\t\t\t\t<div class=\"elementor-element elementor-element-182add1 elementor-aspect-ratio-916 elementor-widget elementor-widget-video\" data-id=\"182add1\" data-element_type=\"widget\" data-settings=\"{&quot;video_type&quot;:&quot;hosted&quot;,&quot;aspect_ratio&quot;:&quot;916&quot;,&quot;controls&quot;:&quot;yes&quot;}\" data-widget_type=\"video.default\">\n\t\t\t\t<div class=\"elementor-widget-container\">\n\t\t\t\t\t<div class=\"e-hosted-video elementor-wrapper elementor-fit-aspect-ratio elementor-open-inline\">\n\t\t\t\t\t<video class=\"elementor-video\" src=\"http:\/\/hessen-paul.de\/wp-content\/uploads\/2025\/12\/036A1003-3A14-4894-8556-48FE951DB26B-5-2.mov\" controls=\"\" controlsList=\"nodownload\"><\/video>\n\t\t\t\t<\/div>\n\t\t\t\t<\/div>\n\t\t\t\t<\/div>\n\t\t\t\t\t\t<\/div>\n\t\t\t\t\t<\/div>\n\t\t<\/div>\n\t\t\t\t\t\t\t\t<\/div>\n\t\t\t\t\t<\/div>\n\t\t<\/section>\n\t\t\t\t<section class=\"elementor-section elementor-top-section elementor-element elementor-element-1aa7250 elementor-section-boxed elementor-section-height-default elementor-section-height-default\" data-id=\"1aa7250\" data-element_type=\"section\">\n\t\t\t\t\t\t<div class=\"elementor-container elementor-column-gap-default\">\n\t\t\t\t\t\t\t<div class=\"elementor-row\">\n\t\t\t\t\t<div class=\"elementor-column elementor-col-100 elementor-top-column elementor-element elementor-element-615f11d\" data-id=\"615f11d\" data-element_type=\"column\">\n\t\t\t<div class=\"elementor-column-wrap elementor-element-populated\">\n\t\t\t\t\t\t\t<div class=\"elementor-widget-wrap\">\n\t\t\t\t\t\t<div class=\"elementor-element elementor-element-0bfb55b elementor-widget-divider--view-line elementor-widget elementor-widget-divider\" data-id=\"0bfb55b\" data-element_type=\"widget\" data-widget_type=\"divider.default\">\n\t\t\t\t<div class=\"elementor-widget-container\">\n\t\t\t\t\t<div class=\"elementor-divider\">\n\t\t\t<span class=\"elementor-divider-separator\">\n\t\t\t\t\t\t<\/span>\n\t\t<\/div>\n\t\t\t\t<\/div>\n\t\t\t\t<\/div>\n\t\t\t\t\t\t<\/div>\n\t\t\t\t\t<\/div>\n\t\t<\/div>\n\t\t\t\t\t\t\t\t<\/div>\n\t\t\t\t\t<\/div>\n\t\t<\/section>\n\t\t\t\t<section class=\"elementor-section elementor-top-section elementor-element elementor-element-8cd9bb9 elementor-section-boxed elementor-section-height-default elementor-section-height-default\" data-id=\"8cd9bb9\" data-element_type=\"section\">\n\t\t\t\t\t\t<div class=\"elementor-container elementor-column-gap-default\">\n\t\t\t\t\t\t\t<div class=\"elementor-row\">\n\t\t\t\t\t<div class=\"elementor-column elementor-col-100 elementor-top-column elementor-element elementor-element-e27bc18\" data-id=\"e27bc18\" data-element_type=\"column\">\n\t\t\t<div class=\"elementor-column-wrap elementor-element-populated\">\n\t\t\t\t\t\t\t<div class=\"elementor-widget-wrap\">\n\t\t\t\t\t\t<div class=\"elementor-element elementor-element-984a156 elementor-widget elementor-widget-heading\" data-id=\"984a156\" data-element_type=\"widget\" data-widget_type=\"heading.default\">\n\t\t\t\t<div class=\"elementor-widget-container\">\n\t\t\t<h4 class=\"elementor-heading-title elementor-size-default\">Tradition und Leidenschaft<\/h4>\t\t<\/div>\n\t\t\t\t<\/div>\n\t\t\t\t\t\t<\/div>\n\t\t\t\t\t<\/div>\n\t\t<\/div>\n\t\t\t\t\t\t\t\t<\/div>\n\t\t\t\t\t<\/div>\n\t\t<\/section>\n\t\t\t\t<section class=\"elementor-section elementor-top-section elementor-element elementor-element-1375c84 elementor-section-boxed elementor-section-height-default elementor-section-height-default\" data-id=\"1375c84\" data-element_type=\"section\">\n\t\t\t\t\t\t<div class=\"elementor-container elementor-column-gap-default\">\n\t\t\t\t\t\t\t<div class=\"elementor-row\">\n\t\t\t\t\t<div class=\"elementor-column elementor-col-100 elementor-top-column elementor-element elementor-element-0cc1966\" data-id=\"0cc1966\" data-element_type=\"column\">\n\t\t\t<div class=\"elementor-column-wrap elementor-element-populated\">\n\t\t\t\t\t\t\t<div class=\"elementor-widget-wrap\">\n\t\t\t\t\t\t<div class=\"elementor-element elementor-element-13b7476 elementor-widget elementor-widget-text-editor\" data-id=\"13b7476\" data-element_type=\"widget\" data-widget_type=\"text-editor.default\">\n\t\t\t\t<div class=\"elementor-widget-container\">\n\t\t\t\t\t\t\t\t<div class=\"elementor-text-editor elementor-clearfix\">\n\t\t\t\t<p style=\"letter-spacing: normal; text-align: start;\" data-start=\"233\" data-end=\"581\">Der Gro\u00dfvater Paul Hesse er\u00f6ffnete 1932 das Gesch\u00e4ft in Hagen-Boele mit vielen Dingen, die man in dieser Zeit so brauchte. Im Volksmund hie\u00df es:&#8220; Das bekommst du bei Hessen-Paul&#8220;. Gustl und Annchen Kemper (geb. Hesse) f\u00fchrten das Gesch\u00e4ft mit viel herzlichem Engagement. Als weiterf\u00fchrende Generation sind wir froh dar\u00fcber, dass sich der Name &#8222;Hessen-Paul&#8220; f\u00fcr das Besondere &#8222;Freudebereiten&#8220; etabliert hat.<\/p>\n<p style=\"letter-spacing: normal; text-align: start;\" data-start=\"583\" data-end=\"933\">Mit einem feinen Gesp\u00fcr f\u00fcr Stil, Qualit\u00e4t und Pers\u00f6nlichkeit w\u00e4hlen wir Schmuck, Perlen und Geschenkideen aus, die Geschichten erz\u00e4hlen und Herzen ber\u00fchren. Ob Sie nach einem besonderen Geschenk suchen, sich selbst etwas Gutes tun m\u00f6chten oder einfach Inspiration brauchen \u2013 bei uns finden Sie Dinge, die Freude schenken und Erinnerungen schaffen.<\/p>\n<p style=\"letter-spacing: normal; text-align: start;\" data-start=\"935\" data-end=\"1151\">Und genau das macht <b>hessen paul<\/b> zu dem, was es heute ist: ein St\u00fcck Heimat, Tradition und Herzlichkeit \u2013 verbunden mit modernen Akzenten und zeitlosem Geschmack. Wir freuen uns darauf, Sie bei uns begr\u00fc\u00dfen zu d\u00fcrfen.<\/p>\t\t\t\t\t<\/div>\n\t\t\t\t\t\t<\/div>\n\t\t\t\t<\/div>\n\t\t\t\t<div class=\"elementor-element elementor-element-e5958c4 elementor-widget-divider--view-line elementor-widget elementor-widget-divider\" data-id=\"e5958c4\" data-element_type=\"widget\" data-widget_type=\"divider.default\">\n\t\t\t\t<div class=\"elementor-widget-container\">\n\t\t\t\t\t<div class=\"elementor-divider\">\n\t\t\t<span class=\"elementor-divider-separator\">\n\t\t\t\t\t\t<\/span>\n\t\t<\/div>\n\t\t\t\t<\/div>\n\t\t\t\t<\/div>\n\t\t\t\t\t\t<\/div>\n\t\t\t\t\t<\/div>\n\t\t<\/div>\n\t\t\t\t\t\t\t\t<\/div>\n\t\t\t\t\t<\/div>\n\t\t<\/section>\n\t\t\t\t<section class=\"elementor-section elementor-top-section elementor-element elementor-element-2e0cbe5b elementor-section-boxed elementor-section-height-default elementor-section-height-default\" data-id=\"2e0cbe5b\" data-element_type=\"section\">\n\t\t\t\t\t\t<div class=\"elementor-container elementor-column-gap-default\">\n\t\t\t\t\t\t\t<div class=\"elementor-row\">\n\t\t\t\t\t<div class=\"elementor-column elementor-col-100 elementor-top-column elementor-element elementor-element-77696832\" data-id=\"77696832\" data-element_type=\"column\">\n\t\t\t<div class=\"elementor-column-wrap elementor-element-populated\">\n\t\t\t\t\t\t\t<div class=\"elementor-widget-wrap\">\n\t\t\t\t\t\t<div class=\"elementor-element elementor-element-bc578f4 elementor-widget elementor-widget-image\" data-id=\"bc578f4\" data-element_type=\"widget\" data-widget_type=\"image.default\">\n\t\t\t\t<div class=\"elementor-widget-container\">\n\t\t\t\t\t\t\t\t<div class=\"elementor-image\">\n\t\t\t\t\t\t\t\t\t<figure class=\"wp-caption\">\n\t\t\t\t\t\t\t\t\t\t<img decoding=\"async\" width=\"784\" height=\"519\" src=\"https:\/\/hessen-paul.de\/wp-content\/uploads\/2026\/03\/Hessen-Paul-Fruehling-geschlossen-1024x678.jpg\" class=\"attachment-large size-large\" alt=\"\" loading=\"lazy\" srcset=\"https:\/\/hessen-paul.de\/wp-content\/uploads\/2026\/03\/Hessen-Paul-Fruehling-geschlossen-1024x678.jpg 1024w, https:\/\/hessen-paul.de\/wp-content\/uploads\/2026\/03\/Hessen-Paul-Fruehling-geschlossen-300x199.jpg 300w, https:\/\/hessen-paul.de\/wp-content\/uploads\/2026\/03\/Hessen-Paul-Fruehling-geschlossen-768x509.jpg 768w, https:\/\/hessen-paul.de\/wp-content\/uploads\/2026\/03\/Hessen-Paul-Fruehling-geschlossen.jpg 1280w\" sizes=\"(max-width: 784px) 100vw, 784px\" \/>\t\t\t\t\t\t\t\t\t\t\t<figcaption class=\"widget-image-caption wp-caption-text\"><\/figcaption>\n\t\t\t\t\t\t\t\t\t\t<\/figure>\n\t\t\t\t\t\t\t\t<\/div>\n\t\t\t\t\t\t<\/div>\n\t\t\t\t<\/div>\n\t\t\t\t<div class=\"elementor-element elementor-element-2236f5b9 elementor-widget elementor-widget-text-editor\" data-id=\"2236f5b9\" data-element_type=\"widget\" data-widget_type=\"text-editor.default\">\n\t\t\t\t<div class=\"elementor-widget-container\">\n\t\t\t\t\t\t\t\t<div class=\"elementor-text-editor elementor-clearfix\">\n\t\t\t\t<p><!-- wp:paragraph {\"align\":\"center\"} --><\/p>\n<h5 style=\"text-align: center;\">Die Kunst des Schenkens.<\/h5>\n<p><!-- \/wp:paragraph --><\/p>\n<p><!-- wp:separator --><\/p>\n<hr class=\"wp-block-separator has-alpha-channel-opacity\" \/>\n<p><!-- \/wp:separator --><\/p>\n<p><!-- wp:cover {\"url\":\"https:\/\/hessen-paul.de\/wp-content\/uploads\/2025\/11\/Hessen-Paul-Hagen-SD-480p-2.mov\",\"id\":473,\"dimRatio\":50,\"backgroundType\":\"video\",\"minHeight\":484,\"minHeightUnit\":\"px\",\"isDark\":false} --><\/p>\n<div class=\"wp-block-cover is-light\" style=\"min-height: 484px;\">\n<p><video class=\"wp-block-cover__video-background intrinsic-ignore\" src=\"https:\/\/hessen-paul.de\/wp-content\/uploads\/2025\/11\/Hessen-Paul-Hagen-SD-480p-2.mov\" autoplay=\"autoplay\" loop=\"loop\" muted=\"\" width=\"300\" height=\"150\" data-object-fit=\"cover\"><\/video><\/p>\n<div class=\"wp-block-cover__inner-container\">\u00a0<\/div>\n<\/div>\n<p><!-- \/wp:paragraph --><\/p>\n<p><!-- wp:paragraph {\"style\":{\"color\":{\"background\":\"#f0f0ef\"}}} --><\/p>\n<p><!-- \/wp:paragraph --><\/p>\t\t\t\t\t<\/div>\n\t\t\t\t\t\t<\/div>\n\t\t\t\t<\/div>\n\t\t\t\t<div class=\"elementor-element elementor-element-96617aa elementor-widget-divider--view-line elementor-widget elementor-widget-divider\" data-id=\"96617aa\" data-element_type=\"widget\" data-widget_type=\"divider.default\">\n\t\t\t\t<div class=\"elementor-widget-container\">\n\t\t\t\t\t<div class=\"elementor-divider\">\n\t\t\t<span class=\"elementor-divider-separator\">\n\t\t\t\t\t\t<\/span>\n\t\t<\/div>\n\t\t\t\t<\/div>\n\t\t\t\t<\/div>\n\t\t\t\t\t\t<\/div>\n\t\t\t\t\t<\/div>\n\t\t<\/div>\n\t\t\t\t\t\t\t\t<\/div>\n\t\t\t\t\t<\/div>\n\t\t<\/section>\n\t\t\t\t<section class=\"elementor-section elementor-top-section elementor-element elementor-element-a43744e elementor-section-boxed elementor-section-height-default elementor-section-height-default\" data-id=\"a43744e\" data-element_type=\"section\">\n\t\t\t\t\t\t<div class=\"elementor-container elementor-column-gap-default\">\n\t\t\t\t\t\t\t<div class=\"elementor-row\">\n\t\t\t\t\t<div class=\"elementor-column elementor-col-100 elementor-top-column elementor-element elementor-element-9937e14\" data-id=\"9937e14\" data-element_type=\"column\">\n\t\t\t<div class=\"elementor-column-wrap elementor-element-populated\">\n\t\t\t\t\t\t\t<div class=\"elementor-widget-wrap\">\n\t\t\t\t\t\t<div class=\"elementor-element elementor-element-4694de5 elementor-widget elementor-widget-heading\" data-id=\"4694de5\" data-element_type=\"widget\" data-widget_type=\"heading.default\">\n\t\t\t\t<div class=\"elementor-widget-container\">\n\t\t\t<h5 class=\"elementor-heading-title elementor-size-default\">Wir stellen uns vor<\/h5>\t\t<\/div>\n\t\t\t\t<\/div>\n\t\t\t\t\t\t<\/div>\n\t\t\t\t\t<\/div>\n\t\t<\/div>\n\t\t\t\t\t\t\t\t<\/div>\n\t\t\t\t\t<\/div>\n\t\t<\/section>\n\t\t\t\t<section class=\"elementor-section elementor-top-section elementor-element elementor-element-de39a59 elementor-section-boxed elementor-section-height-default elementor-section-height-default\" data-id=\"de39a59\" data-element_type=\"section\">\n\t\t\t\t\t\t<div class=\"elementor-container elementor-column-gap-default\">\n\t\t\t\t\t\t\t<div class=\"elementor-row\">\n\t\t\t\t\t<div class=\"elementor-column elementor-col-100 elementor-top-column elementor-element elementor-element-e84aedb\" data-id=\"e84aedb\" data-element_type=\"column\">\n\t\t\t<div class=\"elementor-column-wrap elementor-element-populated\">\n\t\t\t\t\t\t\t<div class=\"elementor-widget-wrap\">\n\t\t\t\t\t\t<div class=\"elementor-element elementor-element-25ef73e elementor-widget elementor-widget-image\" data-id=\"25ef73e\" data-element_type=\"widget\" data-widget_type=\"image.default\">\n\t\t\t\t<div class=\"elementor-widget-container\">\n\t\t\t\t\t\t\t\t<div class=\"elementor-image\">\n\t\t\t\t\t\t\t\t\t\t\t\t<img decoding=\"async\" width=\"784\" height=\"494\" src=\"https:\/\/hessen-paul.de\/wp-content\/uploads\/2021\/04\/WP-Hessen-Paul-Wiederero\u0308ffnung-Inst-1024x645.jpg\" class=\"attachment-large size-large\" alt=\"\" loading=\"lazy\" \/>\t\t\t\t\t\t\t\t\t\t\t\t\t\t<\/div>\n\t\t\t\t\t\t<\/div>\n\t\t\t\t<\/div>\n\t\t\t\t\t\t<\/div>\n\t\t\t\t\t<\/div>\n\t\t<\/div>\n\t\t\t\t\t\t\t\t<\/div>\n\t\t\t\t\t<\/div>\n\t\t<\/section>\n\t\t\t\t<section class=\"elementor-section elementor-top-section elementor-element elementor-element-bf325f2 elementor-section-boxed elementor-section-height-default elementor-section-height-default\" data-id=\"bf325f2\" data-element_type=\"section\">\n\t\t\t\t\t\t<div class=\"elementor-container elementor-column-gap-default\">\n\t\t\t\t\t\t\t<div class=\"elementor-row\">\n\t\t\t\t\t<div class=\"elementor-column elementor-col-100 elementor-top-column elementor-element elementor-element-835225f\" data-id=\"835225f\" data-element_type=\"column\">\n\t\t\t<div class=\"elementor-column-wrap elementor-element-populated\">\n\t\t\t\t\t\t\t<div class=\"elementor-widget-wrap\">\n\t\t\t\t\t\t<div class=\"elementor-element elementor-element-07780e8 elementor-widget elementor-widget-text-editor\" data-id=\"07780e8\" data-element_type=\"widget\" data-widget_type=\"text-editor.default\">\n\t\t\t\t<div class=\"elementor-widget-container\">\n\t\t\t\t\t\t\t\t<div class=\"elementor-text-editor elementor-clearfix\">\n\t\t\t\t<p data-start=\"252\" data-end=\"532\">\u00a0<\/p>\n<p data-start=\"252\" data-end=\"532\">Seit vielen Jahren f\u00fchren\u00a0<span data-start=\"278\" data-end=\"326\">meine<\/span><span data-start=\"278\" data-end=\"326\"> Frau<\/span><span data-start=\"278\" data-end=\"326\"> <b>Maria<\/b><\/span><span data-start=\"278\" data-end=\"326\"> <b>Fe Kemper<\/b><\/span><span data-start=\"278\" data-end=\"326\"> und<\/span><span data-start=\"278\" data-end=\"326\"> ich<\/span><strong data-start=\"278\" data-end=\"326\">, \u00a0<\/strong><span data-start=\"278\" data-end=\"326\"><b>Matthias\u00a0<\/b><\/span><strong data-start=\"278\" data-end=\"326\">Kemper<\/strong>, mit gro\u00dfer Freude und Hingabe unser Familiengesch\u00e4ft\u00a0<span data-start=\"381\" data-end=\"394\"><b>hessen paul<\/b><\/span>. Was vor \u00fcber 90 Jahren begann, lebt heute durch unsere gemeinsame Leidenschaft f\u00fcr Schmuck, sch\u00f6ne Dinge und besondere Momente weiter.<\/p>\n<p data-start=\"534\" data-end=\"887\"><span style=\"font-size: 16px;\">\u00dcber die Jahre hat sich aus unserer gemeinsamen Erfahrung ein besonderes Gef\u00fchl f\u00fcr Stil und ein Auge f\u00fcr Details entwickelt. Wir erg\u00e4nzen uns \u2013 privat wie beruflich \u2013 und genau das sp\u00fcren unsere Kundinnen und Kunden in unserer Auswahl. Bei uns findet jede und jeder etwas Passendes, ganz gleich in welcher Preisklasse. Viele unserer Lieferanten begleiten uns seit Jahren, und zu ihnen verbindet uns ein pers\u00f6nliches, vertrauensvolles Verh\u00e4ltnis.<\/span><\/p>\n<p data-start=\"889\" data-end=\"1124\">F\u00fcr uns steht der Mensch im Mittelpunkt. Wir nehmen uns Zeit, h\u00f6ren zu und beraten mit Ruhe und Herzlichkeit. Denn jedes Schmuckst\u00fcck, jedes Geschenk erz\u00e4hlt eine eigene Geschichte \u2013 und wir freuen uns, ein Teil davon sein zu d\u00fcrfen.<\/p>\n<p data-start=\"1126\" data-end=\"1253\">So f\u00fchren wir gemeinsam weiter, was unsere Familie aufgebaut hat:<\/p>\n<p data-start=\"1126\" data-end=\"1253\"><i>Ein Ort voller W\u00e4rme, Tradition und echter Verbundenhei<\/i><\/p>\t\t\t\t\t<\/div>\n\t\t\t\t\t\t<\/div>\n\t\t\t\t<\/div>\n\t\t\t\t\t\t<\/div>\n\t\t\t\t\t<\/div>\n\t\t<\/div>\n\t\t\t\t\t\t\t\t<\/div>\n\t\t\t\t\t<\/div>\n\t\t<\/section>\n\t\t\t\t\t\t\t\t\t<\/div>\n\t\t\t<\/div>\n\t\t\t\t\t<\/div>\n\t\t","protected":false},"excerpt":{"rendered":"<p>Wunderbar wandelbare Echtschmuck Geschenkideen f\u00fcr die Liebsten http:\/\/hessen-paul.de\/wp-content\/uploads\/2025\/12\/036A1003-3A14-4894-8556-48FE951DB26B-5.movhttp:\/\/hessen-paul.de\/wp-content\/uploads\/2025\/12\/036A1003-3A14-4894-8556-48FE951DB26B-5-1.movhttp:\/\/hessen-paul.de\/wp-content\/uploads\/2025\/12\/036A1003-3A14-4894-8556-48FE951DB26B-5-2.mov Tradition und Leidenschaft Der Gro\u00dfvater Paul Hesse er\u00f6ffnete 1932 das Gesch\u00e4ft in Hagen-Boele mit vielen Dingen, die man in dieser Zeit so brauchte. Im Volksmund hie\u00df es:&#8220; Das bekommst du bei Hessen-Paul&#8220;. Gustl und Annchen Kemper (geb. Hesse) f\u00fchrten das Gesch\u00e4ft mit viel herzlichem Engagement. Als weiterf\u00fchrende&hellip;<\/p>\n","protected":false},"author":2,"featured_media":0,"parent":0,"menu_order":0,"comment_status":"closed","ping_status":"closed","template":"","meta":[],"_links":{"self":[{"href":"https:\/\/hessen-paul.de\/index.php?rest_route=\/wp\/v2\/pages\/471"}],"collection":[{"href":"https:\/\/hessen-paul.de\/index.php?rest_route=\/wp\/v2\/pages"}],"about":[{"href":"https:\/\/hessen-paul.de\/index.php?rest_route=\/wp\/v2\/types\/page"}],"author":[{"embeddable":true,"href":"https:\/\/hessen-paul.de\/index.php?rest_route=\/wp\/v2\/users\/2"}],"replies":[{"embeddable":true,"href":"https:\/\/hessen-paul.de\/index.php?rest_route=%2Fwp%2Fv2%2Fcomments&post=471"}],"version-history":[{"count":69,"href":"https:\/\/hessen-paul.de\/index.php?rest_route=\/wp\/v2\/pages\/471\/revisions"}],"predecessor-version":[{"id":972,"href":"https:\/\/hessen-paul.de\/index.php?rest_route=\/wp\/v2\/pages\/471\/revisions\/972"}],"wp:attachment":[{"href":"https:\/\/hessen-paul.de\/index.php?rest_route=%2Fwp%2Fv2%2Fmedia&parent=471"}],"curies":[{"name":"wp","href":"https:\/\/api.w.org\/{rel}","templated":true}]}}