{"id":879,"date":"2025-12-13T12:02:45","date_gmt":"2025-12-13T12:02:45","guid":{"rendered":"https:\/\/hessen-paul.de\/?page_id=879"},"modified":"2025-12-13T12:49:14","modified_gmt":"2025-12-13T12:49:14","slug":"traurringe","status":"publish","type":"page","link":"https:\/\/hessen-paul.de\/?page_id=879","title":{"rendered":"Traurringe"},"content":{"rendered":"\t\t<div data-elementor-type=\"wp-page\" data-elementor-id=\"879\" class=\"elementor elementor-879\">\n\t\t\t\t\t\t<div class=\"elementor-inner\">\n\t\t\t\t<div class=\"elementor-section-wrap\">\n\t\t\t\t\t\t\t\t\t<section class=\"elementor-section elementor-top-section elementor-element elementor-element-13fc9a1 elementor-section-boxed elementor-section-height-default elementor-section-height-default\" data-id=\"13fc9a1\" data-element_type=\"section\">\n\t\t\t\t\t\t<div class=\"elementor-container elementor-column-gap-default\">\n\t\t\t\t\t\t\t<div class=\"elementor-row\">\n\t\t\t\t\t<div class=\"elementor-column elementor-col-100 elementor-top-column elementor-element elementor-element-8a24a54\" data-id=\"8a24a54\" data-element_type=\"column\">\n\t\t\t<div class=\"elementor-column-wrap elementor-element-populated\">\n\t\t\t\t\t\t\t<div class=\"elementor-widget-wrap\">\n\t\t\t\t\t\t<div class=\"elementor-element elementor-element-896bee5 elementor-widget elementor-widget-image\" data-id=\"896bee5\" data-element_type=\"widget\" data-widget_type=\"image.default\">\n\t\t\t\t<div class=\"elementor-widget-container\">\n\t\t\t\t\t\t\t\t<div class=\"elementor-image\">\n\t\t\t\t\t\t\t\t\t\t\t\t<img decoding=\"async\" width=\"709\" height=\"303\" src=\"https:\/\/hessen-paul.de\/wp-content\/uploads\/2025\/12\/531341991_1284790473436903_9117878788822931131_n.jpg\" class=\"attachment-1536x1536 size-1536x1536\" alt=\"\" loading=\"lazy\" srcset=\"https:\/\/hessen-paul.de\/wp-content\/uploads\/2025\/12\/531341991_1284790473436903_9117878788822931131_n.jpg 709w, https:\/\/hessen-paul.de\/wp-content\/uploads\/2025\/12\/531341991_1284790473436903_9117878788822931131_n-300x128.jpg 300w\" sizes=\"(max-width: 709px) 100vw, 709px\" \/>\t\t\t\t\t\t\t\t\t\t\t\t\t\t<\/div>\n\t\t\t\t\t\t<\/div>\n\t\t\t\t<\/div>\n\t\t\t\t\t\t<\/div>\n\t\t\t\t\t<\/div>\n\t\t<\/div>\n\t\t\t\t\t\t\t\t<\/div>\n\t\t\t\t\t<\/div>\n\t\t<\/section>\n\t\t\t\t<section class=\"elementor-section elementor-top-section elementor-element elementor-element-175f2d6 elementor-section-boxed elementor-section-height-default elementor-section-height-default\" data-id=\"175f2d6\" data-element_type=\"section\">\n\t\t\t\t\t\t<div class=\"elementor-container elementor-column-gap-default\">\n\t\t\t\t\t\t\t<div class=\"elementor-row\">\n\t\t\t\t\t<div class=\"elementor-column elementor-col-100 elementor-top-column elementor-element elementor-element-7591599\" data-id=\"7591599\" data-element_type=\"column\">\n\t\t\t<div class=\"elementor-column-wrap elementor-element-populated\">\n\t\t\t\t\t\t\t<div class=\"elementor-widget-wrap\">\n\t\t\t\t\t\t<div class=\"elementor-element elementor-element-b7cb95a elementor-widget elementor-widget-spacer\" data-id=\"b7cb95a\" data-element_type=\"widget\" data-widget_type=\"spacer.default\">\n\t\t\t\t<div class=\"elementor-widget-container\">\n\t\t\t\t\t<div class=\"elementor-spacer\">\n\t\t\t<div class=\"elementor-spacer-inner\"><\/div>\n\t\t<\/div>\n\t\t\t\t<\/div>\n\t\t\t\t<\/div>\n\t\t\t\t\t\t<\/div>\n\t\t\t\t\t<\/div>\n\t\t<\/div>\n\t\t\t\t\t\t\t\t<\/div>\n\t\t\t\t\t<\/div>\n\t\t<\/section>\n\t\t\t\t<section class=\"elementor-section elementor-top-section elementor-element elementor-element-d70d845 elementor-section-boxed elementor-section-height-default elementor-section-height-default\" data-id=\"d70d845\" data-element_type=\"section\">\n\t\t\t\t\t\t<div class=\"elementor-container elementor-column-gap-default\">\n\t\t\t\t\t\t\t<div class=\"elementor-row\">\n\t\t\t\t\t<div class=\"elementor-column elementor-col-100 elementor-top-column elementor-element elementor-element-1d40d2f\" data-id=\"1d40d2f\" data-element_type=\"column\">\n\t\t\t<div class=\"elementor-column-wrap elementor-element-populated\">\n\t\t\t\t\t\t\t<div class=\"elementor-widget-wrap\">\n\t\t\t\t\t\t<div class=\"elementor-element elementor-element-85c3a11 elementor-widget elementor-widget-text-editor\" data-id=\"85c3a11\" data-element_type=\"widget\" data-widget_type=\"text-editor.default\">\n\t\t\t\t<div class=\"elementor-widget-container\">\n\t\t\t\t\t\t\t\t<div class=\"elementor-text-editor elementor-clearfix\">\n\t\t\t\t<p>S<span style=\"font-size: 16px;\">chlie\u00dfen Sie die Augen und erinnern Sie sich an all die Feste, auf denen Sie getanzt haben. Tr\u00e4umen Sie von den Feiern, die da noch kommen werden &#8230;<\/span><\/p><p>Erinnern Sie sich an die Perlen, die Ihre Gro\u00dfmutter trug, die glitzernden Ringe Ihrer Mutter, als sie vor Freude in die H\u00e4nde klatschte . Denken Sie an die Anekdote zur\u00fcck, die Ihr Gro\u00dfvater Ihnen stolz zu seinen gravierten Manschettenkn\u00f6pfen erz\u00e4hlte und lauschen Sie dem leisen Ticken der Armbanduhr Ihres Vaters.<\/p><p>Schm\u00fcck dr\u00fcckt diese Tr\u00e4ume aus und l\u00e4sst sie \u00fcber viele Generationen hinweg weiterleben. Ihr Schmuck erz\u00e4hlt Ihre pers\u00f6nliche Geschichte. Feiern Sie damit die Feste Ihres Lebens!<span style=\"font-size: 16px;\">S<\/span><span style=\"font-size: 16px;\">chlie\u00dfen Sie die Augen und erinnern Sie sich an all die Feste, auf denen Sie getanzt haben. Tr\u00e4umen Sie von den Feiern, die da noch kommen werden &#8230;<\/span><\/p><p>Erinnern Sie sich an die Perlen, die Ihre Gro\u00dfmutter trug, die glitzernden Ringe Ihrer Mutter, als sie vor Freude in die H\u00e4nde klatschte . Denken Sie an die Anekdote zur\u00fcck, die Ihr Gro\u00dfvater Ihnen stolz zu seinen gravierten Manschettenkn\u00f6pfen erz\u00e4hlte und lauschen Sie dem leisen Ticken der Armbanduhr Ihres Vaters.<\/p><p>Schm\u00fcck dr\u00fcckt diese Tr\u00e4ume aus und l\u00e4sst sie \u00fcber viele Generationen hinweg weiterleben. Ihr Schmuck erz\u00e4hlt Ihre pers\u00f6nliche Geschichte. Feiern Sie damit die Feste Ihres Lebens!<\/p>\t\t\t\t\t<\/div>\n\t\t\t\t\t\t<\/div>\n\t\t\t\t<\/div>\n\t\t\t\t\t\t<\/div>\n\t\t\t\t\t<\/div>\n\t\t<\/div>\n\t\t\t\t\t\t\t\t<\/div>\n\t\t\t\t\t<\/div>\n\t\t<\/section>\n\t\t\t\t\t\t\t\t\t<\/div>\n\t\t\t<\/div>\n\t\t\t\t\t<\/div>\n\t\t","protected":false},"excerpt":{"rendered":"<p>Schlie\u00dfen Sie die Augen und erinnern Sie sich an all die Feste, auf denen Sie getanzt haben. Tr\u00e4umen Sie von den Feiern, die da noch kommen werden &#8230; Erinnern Sie sich an die Perlen, die Ihre Gro\u00dfmutter trug, die glitzernden Ringe Ihrer Mutter, als sie vor Freude in die H\u00e4nde klatschte . Denken Sie an&hellip;<\/p>\n","protected":false},"author":1,"featured_media":0,"parent":0,"menu_order":0,"comment_status":"closed","ping_status":"closed","template":"","meta":[],"_links":{"self":[{"href":"https:\/\/hessen-paul.de\/index.php?rest_route=\/wp\/v2\/pages\/879"}],"collection":[{"href":"https:\/\/hessen-paul.de\/index.php?rest_route=\/wp\/v2\/pages"}],"about":[{"href":"https:\/\/hessen-paul.de\/index.php?rest_route=\/wp\/v2\/types\/page"}],"author":[{"embeddable":true,"href":"https:\/\/hessen-paul.de\/index.php?rest_route=\/wp\/v2\/users\/1"}],"replies":[{"embeddable":true,"href":"https:\/\/hessen-paul.de\/index.php?rest_route=%2Fwp%2Fv2%2Fcomments&post=879"}],"version-history":[{"count":7,"href":"https:\/\/hessen-paul.de\/index.php?rest_route=\/wp\/v2\/pages\/879\/revisions"}],"predecessor-version":[{"id":891,"href":"https:\/\/hessen-paul.de\/index.php?rest_route=\/wp\/v2\/pages\/879\/revisions\/891"}],"wp:attachment":[{"href":"https:\/\/hessen-paul.de\/index.php?rest_route=%2Fwp%2Fv2%2Fmedia&parent=879"}],"curies":[{"name":"wp","href":"https:\/\/api.w.org\/{rel}","templated":true}]}}