{"id":96,"date":"2020-06-28T17:39:17","date_gmt":"2020-06-28T17:39:17","guid":{"rendered":"http:\/\/hessen-paul.de\/?page_id=96"},"modified":"2025-11-21T13:04:27","modified_gmt":"2025-11-21T13:04:27","slug":"gutscheine-2","status":"publish","type":"page","link":"https:\/\/hessen-paul.de\/?page_id=96","title":{"rendered":"Gutscheine"},"content":{"rendered":"\t\t<div data-elementor-type=\"wp-page\" data-elementor-id=\"96\" class=\"elementor elementor-96\">\n\t\t\t\t\t\t<div class=\"elementor-inner\">\n\t\t\t\t<div class=\"elementor-section-wrap\">\n\t\t\t\t\t\t\t\t\t<section class=\"elementor-section elementor-top-section elementor-element elementor-element-ec66be3 elementor-section-boxed elementor-section-height-default elementor-section-height-default\" data-id=\"ec66be3\" data-element_type=\"section\">\n\t\t\t\t\t\t<div class=\"elementor-container elementor-column-gap-default\">\n\t\t\t\t\t\t\t<div class=\"elementor-row\">\n\t\t\t\t\t<div class=\"elementor-column elementor-col-100 elementor-top-column elementor-element elementor-element-6645e6c\" data-id=\"6645e6c\" data-element_type=\"column\">\n\t\t\t<div class=\"elementor-column-wrap elementor-element-populated\">\n\t\t\t\t\t\t\t<div class=\"elementor-widget-wrap\">\n\t\t\t\t\t\t<div class=\"elementor-element elementor-element-22fb2d5 elementor-widget elementor-widget-text-editor\" data-id=\"22fb2d5\" data-element_type=\"widget\" data-widget_type=\"text-editor.default\">\n\t\t\t\t<div class=\"elementor-widget-container\">\n\t\t\t\t\t\t\t\t<div class=\"elementor-text-editor elementor-clearfix\">\n\t\t\t\t<h4>Hessen Paul \u2013 Freude schenken, Erinnerungen schaffen.<\/h4>\t\t\t\t\t<\/div>\n\t\t\t\t\t\t<\/div>\n\t\t\t\t<\/div>\n\t\t\t\t\t\t<\/div>\n\t\t\t\t\t<\/div>\n\t\t<\/div>\n\t\t\t\t\t\t\t\t<\/div>\n\t\t\t\t\t<\/div>\n\t\t<\/section>\n\t\t\t\t<section class=\"elementor-section elementor-top-section elementor-element elementor-element-bc04d87 elementor-section-boxed elementor-section-height-default elementor-section-height-default\" data-id=\"bc04d87\" data-element_type=\"section\">\n\t\t\t\t\t\t<div class=\"elementor-container elementor-column-gap-default\">\n\t\t\t\t\t\t\t<div class=\"elementor-row\">\n\t\t\t\t\t<div class=\"elementor-column elementor-col-100 elementor-top-column elementor-element elementor-element-2a1d842\" data-id=\"2a1d842\" data-element_type=\"column\">\n\t\t\t<div class=\"elementor-column-wrap elementor-element-populated\">\n\t\t\t\t\t\t\t<div class=\"elementor-widget-wrap\">\n\t\t\t\t\t\t<div class=\"elementor-element elementor-element-aaaead2 elementor-widget-divider--view-line elementor-widget elementor-widget-divider\" data-id=\"aaaead2\" data-element_type=\"widget\" data-widget_type=\"divider.default\">\n\t\t\t\t<div class=\"elementor-widget-container\">\n\t\t\t\t\t<div class=\"elementor-divider\">\n\t\t\t<span class=\"elementor-divider-separator\">\n\t\t\t\t\t\t<\/span>\n\t\t<\/div>\n\t\t\t\t<\/div>\n\t\t\t\t<\/div>\n\t\t\t\t\t\t<\/div>\n\t\t\t\t\t<\/div>\n\t\t<\/div>\n\t\t\t\t\t\t\t\t<\/div>\n\t\t\t\t\t<\/div>\n\t\t<\/section>\n\t\t\t\t<section class=\"elementor-section elementor-top-section elementor-element elementor-element-3a37d30 elementor-section-boxed elementor-section-height-default elementor-section-height-default\" data-id=\"3a37d30\" data-element_type=\"section\">\n\t\t\t\t\t\t<div class=\"elementor-container elementor-column-gap-default\">\n\t\t\t\t\t\t\t<div class=\"elementor-row\">\n\t\t\t\t\t<div class=\"elementor-column elementor-col-100 elementor-top-column elementor-element elementor-element-c4505fe\" data-id=\"c4505fe\" data-element_type=\"column\">\n\t\t\t<div class=\"elementor-column-wrap elementor-element-populated\">\n\t\t\t\t\t\t\t<div class=\"elementor-widget-wrap\">\n\t\t\t\t\t\t<div class=\"elementor-element elementor-element-a0977fd elementor-widget elementor-widget-text-editor\" data-id=\"a0977fd\" data-element_type=\"widget\" data-widget_type=\"text-editor.default\">\n\t\t\t\t<div class=\"elementor-widget-container\">\n\t\t\t\t\t\t\t\t<div class=\"elementor-text-editor elementor-clearfix\">\n\t\t\t\t<h6><span style=\"font-size: 16px; font-family: Roboto, sans-serif;\">Mit einem Gutschein von&nbsp;<b>hessen paul<\/b>&nbsp;schenken Sie&nbsp;<\/span><span data-start=\"287\" data-end=\"334\" style=\"font-size: 16px; font-family: Roboto, sans-serif;\">nicht nur ein Pr\u00e4sent, sondern ein Erlebnis<\/span><span style=\"font-size: 16px; font-family: Roboto, sans-serif;\">.&nbsp;<\/span><\/h6>\n<p data-start=\"170\" data-end=\"236\"><span style=\"font-size: 16px;\">Ob edler Schmuck, funkelnde Perlen oder liebevoll ausgew\u00e4hlte Accessoires \u2013 unsere Gutscheine sind&nbsp;<\/span><span style=\"font-size: 16px;\" data-start=\"435\" data-end=\"471\">f\u00fcr das gesamte Sortiment g\u00fcltig<\/span><span style=\"font-size: 16px;\">&nbsp;und machen jedes Geschenk zu etwas Besonderem.<\/span><span style=\"font-size: 16px;\">Ideal f\u00fcr Geburtstage, Jubil\u00e4en, Hochzeiten oder einfach, um einem lieben Menschen eine Freude zu bereiten: Mit einem Gutschein k\u00f6nnen Ihre Liebsten&nbsp;<\/span><span style=\"font-size: 16px;\" data-start=\"671\" data-end=\"713\">selbst ausw\u00e4hlen, was ihr Herz begehrt<\/span><span style=\"font-size: 16px;\">&nbsp;\u2013 und erleben dabei die pers\u00f6nliche Beratung, f\u00fcr die unser Familienunternehmen seit \u00fcber 90 Jahren steht.<\/span><\/p>\n<p data-start=\"824\" data-end=\"881\"><span data-start=\"824\" data-end=\"881\"><b>hessen paul<\/b> \u2013 Freude schenken, Erinnerungen schaffen.<\/span><\/p>\t\t\t\t\t<\/div>\n\t\t\t\t\t\t<\/div>\n\t\t\t\t<\/div>\n\t\t\t\t<div class=\"elementor-element elementor-element-1b474fc elementor-widget elementor-widget-image\" data-id=\"1b474fc\" data-element_type=\"widget\" data-widget_type=\"image.default\">\n\t\t\t\t<div class=\"elementor-widget-container\">\n\t\t\t\t\t\t\t\t<div class=\"elementor-image\">\n\t\t\t\t\t\t\t\t\t<figure class=\"wp-caption\">\n\t\t\t\t\t\t\t\t\t\t<img decoding=\"async\" width=\"768\" height=\"689\" src=\"https:\/\/hessen-paul.de\/wp-content\/uploads\/2021\/05\/Hessen-Paul-Gutscheine--768x689.jpg\" class=\"attachment-medium_large size-medium_large\" alt=\"\" loading=\"lazy\" srcset=\"https:\/\/hessen-paul.de\/wp-content\/uploads\/2021\/05\/Hessen-Paul-Gutscheine--768x689.jpg 768w, https:\/\/hessen-paul.de\/wp-content\/uploads\/2021\/05\/Hessen-Paul-Gutscheine--300x269.jpg 300w, https:\/\/hessen-paul.de\/wp-content\/uploads\/2021\/05\/Hessen-Paul-Gutscheine--1024x918.jpg 1024w\" sizes=\"(max-width: 768px) 100vw, 768px\" \/>\t\t\t\t\t\t\t\t\t\t\t<figcaption class=\"widget-image-caption wp-caption-text\"><\/figcaption>\n\t\t\t\t\t\t\t\t\t\t<\/figure>\n\t\t\t\t\t\t\t\t<\/div>\n\t\t\t\t\t\t<\/div>\n\t\t\t\t<\/div>\n\t\t\t\t<div class=\"elementor-element elementor-element-35b7700 elementor-widget-divider--view-line elementor-widget elementor-widget-divider\" data-id=\"35b7700\" data-element_type=\"widget\" data-widget_type=\"divider.default\">\n\t\t\t\t<div class=\"elementor-widget-container\">\n\t\t\t\t\t<div class=\"elementor-divider\">\n\t\t\t<span class=\"elementor-divider-separator\">\n\t\t\t\t\t\t<\/span>\n\t\t<\/div>\n\t\t\t\t<\/div>\n\t\t\t\t<\/div>\n\t\t\t\t\t\t<\/div>\n\t\t\t\t\t<\/div>\n\t\t<\/div>\n\t\t\t\t\t\t\t\t<\/div>\n\t\t\t\t\t<\/div>\n\t\t<\/section>\n\t\t\t\t<section class=\"elementor-section elementor-top-section elementor-element elementor-element-5847cd6 elementor-section-boxed elementor-section-height-default elementor-section-height-default\" data-id=\"5847cd6\" data-element_type=\"section\">\n\t\t\t\t\t\t<div class=\"elementor-container elementor-column-gap-default\">\n\t\t\t\t\t\t\t<div class=\"elementor-row\">\n\t\t\t\t\t<div class=\"elementor-column elementor-col-100 elementor-top-column elementor-element elementor-element-a9738f4\" data-id=\"a9738f4\" data-element_type=\"column\">\n\t\t\t<div class=\"elementor-column-wrap elementor-element-populated\">\n\t\t\t\t\t\t\t<div class=\"elementor-widget-wrap\">\n\t\t\t\t\t\t<div class=\"elementor-element elementor-element-40484f9 elementor-widget elementor-widget-image\" data-id=\"40484f9\" data-element_type=\"widget\" data-widget_type=\"image.default\">\n\t\t\t\t<div class=\"elementor-widget-container\">\n\t\t\t\t\t\t\t\t<div class=\"elementor-image\">\n\t\t\t\t\t\t\t\t\t\t\t\t<img decoding=\"async\" width=\"784\" height=\"134\" src=\"https:\/\/hessen-paul.de\/wp-content\/uploads\/2020\/06\/hp_logo-1024x175.png\" class=\"attachment-large size-large\" alt=\"\" loading=\"lazy\" srcset=\"https:\/\/hessen-paul.de\/wp-content\/uploads\/2020\/06\/hp_logo-1024x175.png 1024w, https:\/\/hessen-paul.de\/wp-content\/uploads\/2020\/06\/hp_logo-300x51.png 300w, https:\/\/hessen-paul.de\/wp-content\/uploads\/2020\/06\/hp_logo-768x131.png 768w\" sizes=\"(max-width: 784px) 100vw, 784px\" \/>\t\t\t\t\t\t\t\t\t\t\t\t\t\t<\/div>\n\t\t\t\t\t\t<\/div>\n\t\t\t\t<\/div>\n\t\t\t\t\t\t<\/div>\n\t\t\t\t\t<\/div>\n\t\t<\/div>\n\t\t\t\t\t\t\t\t<\/div>\n\t\t\t\t\t<\/div>\n\t\t<\/section>\n\t\t\t\t<section class=\"elementor-section elementor-top-section elementor-element elementor-element-719893e elementor-section-boxed elementor-section-height-default elementor-section-height-default\" data-id=\"719893e\" data-element_type=\"section\">\n\t\t\t\t\t\t<div class=\"elementor-container elementor-column-gap-default\">\n\t\t\t\t\t\t\t<div class=\"elementor-row\">\n\t\t\t\t\t<div class=\"elementor-column elementor-col-100 elementor-top-column elementor-element elementor-element-e47edc8\" data-id=\"e47edc8\" data-element_type=\"column\">\n\t\t\t<div class=\"elementor-column-wrap elementor-element-populated\">\n\t\t\t\t\t\t\t<div class=\"elementor-widget-wrap\">\n\t\t\t\t\t\t<div class=\"elementor-element elementor-element-35df53d elementor-widget elementor-widget-text-editor\" data-id=\"35df53d\" data-element_type=\"widget\" data-widget_type=\"text-editor.default\">\n\t\t\t\t<div class=\"elementor-widget-container\">\n\t\t\t\t\t\t\t\t<div class=\"elementor-text-editor elementor-clearfix\">\n\t\t\t\t<p>Bald auch online erh\u00e4ltlich !<\/p>\t\t\t\t\t<\/div>\n\t\t\t\t\t\t<\/div>\n\t\t\t\t<\/div>\n\t\t\t\t\t\t<\/div>\n\t\t\t\t\t<\/div>\n\t\t<\/div>\n\t\t\t\t\t\t\t\t<\/div>\n\t\t\t\t\t<\/div>\n\t\t<\/section>\n\t\t\t\t\t\t\t\t\t<\/div>\n\t\t\t<\/div>\n\t\t\t\t\t<\/div>\n\t\t","protected":false},"excerpt":{"rendered":"<p>Hessen Paul \u2013 Freude schenken, Erinnerungen schaffen. Mit einem Gutschein von&nbsp;hessen paul&nbsp;schenken Sie&nbsp;nicht nur ein Pr\u00e4sent, sondern ein Erlebnis.&nbsp; Ob edler Schmuck, funkelnde Perlen oder liebevoll ausgew\u00e4hlte Accessoires \u2013 unsere Gutscheine sind&nbsp;f\u00fcr das gesamte Sortiment g\u00fcltig&nbsp;und machen jedes Geschenk zu etwas Besonderem.Ideal f\u00fcr Geburtstage, Jubil\u00e4en, Hochzeiten oder einfach, um einem lieben Menschen eine Freude zu&hellip;<\/p>\n","protected":false},"author":1,"featured_media":125,"parent":0,"menu_order":0,"comment_status":"closed","ping_status":"closed","template":"","meta":[],"_links":{"self":[{"href":"https:\/\/hessen-paul.de\/index.php?rest_route=\/wp\/v2\/pages\/96"}],"collection":[{"href":"https:\/\/hessen-paul.de\/index.php?rest_route=\/wp\/v2\/pages"}],"about":[{"href":"https:\/\/hessen-paul.de\/index.php?rest_route=\/wp\/v2\/types\/page"}],"author":[{"embeddable":true,"href":"https:\/\/hessen-paul.de\/index.php?rest_route=\/wp\/v2\/users\/1"}],"replies":[{"embeddable":true,"href":"https:\/\/hessen-paul.de\/index.php?rest_route=%2Fwp%2Fv2%2Fcomments&post=96"}],"version-history":[{"count":23,"href":"https:\/\/hessen-paul.de\/index.php?rest_route=\/wp\/v2\/pages\/96\/revisions"}],"predecessor-version":[{"id":584,"href":"https:\/\/hessen-paul.de\/index.php?rest_route=\/wp\/v2\/pages\/96\/revisions\/584"}],"wp:featuredmedia":[{"embeddable":true,"href":"https:\/\/hessen-paul.de\/index.php?rest_route=\/wp\/v2\/media\/125"}],"wp:attachment":[{"href":"https:\/\/hessen-paul.de\/index.php?rest_route=%2Fwp%2Fv2%2Fmedia&parent=96"}],"curies":[{"name":"wp","href":"https:\/\/api.w.org\/{rel}","templated":true}]}}